{"id":44,"date":"2018-09-19T16:24:31","date_gmt":"2018-09-19T16:24:31","guid":{"rendered":"http:\/\/ssv.stonepit.de\/?page_id=44"},"modified":"2018-09-19T16:27:02","modified_gmt":"2018-09-19T16:27:02","slug":"geschichte","status":"publish","type":"page","link":"http:\/\/ssv.stonepit.de\/?page_id=44","title":{"rendered":"Geschichte"},"content":{"rendered":"<p>Der Schie\u00dfsportverein Borchen wurde im April 1957 von 12 Mitgliedern in der Gastst\u00e4tte Montag in Kirchborchen (Kreis Paderborn) ins Leben gerufen. Der erste Vorstand setzte sich wie folgt zusammen: 1. Vorsitzende &#8211; Gustav Krois ; Kassierer &#8211; Heinrich Kasprzok ; Schriftf\u00fchrer &#8211; Wilhelm Montag.<\/p>\n<p>Als Schiessstand stand dem neugegr\u00fcndeten Verein ein Hinterraum der Gastst\u00e4tte Montag zur Verf\u00fcgung. Trotz der nicht gerade idealen Trainingsvoraussetzungen wuchs die Mitgliederzahl stetig an. Als 1967 die Gastst\u00e4tte aufgegeben wurde, bekam der SSV Borchen die M\u00f6glichkeit den Garderobenraum im Keller der Gemeindehalle Kirchborchen zu nutzen. Da dort jedoch kein geeigneter Aufenthaltsraum zur Verf\u00fcgung stand, war dieses f\u00fcr den kleinen Verein eine kritische Zeit. Aber Dank der guten Kameradschaft und dem grossen Idealismus hat der Verein auch dieses gut \u00fcberstanden. Nach kurzer Zeit wurden 5 Luftgewehr- bzw. Luftpistolenst\u00e4nde im Keller in Betrieb genommen.<\/p>\n<p>Im Jahre 1975 wurde uns der Raum \u00fcber dem Eingang zur Gemeindehalle als Club- und Aufenthaltsraum zur Benutzung freigegeben. Dadurch wurden die \u00dcbungs- und Wettkampfabende viel angenehmer.<\/p>\n<p>Unter dem damaligen Vorsitzenden Meinolf Zumbrock konnte bei der Hallenrenovierung 1977 die Sportanlage auf 13 Schiessst\u00e4nde erweitert werden. Diese Erweiterung war nur mit einem grossen Aufwand an Eigenleistung zu erreichen. Da der Bereich der 8 neuen St\u00e4nde unter der Gemeindehalle noch nicht unterkellert war, musste der Raum von Hand ausgehoben und mit Estrich versehen werden. Wie sich zeigt, hat sich die Arbeit jedoch gelohnt.<\/p>\n<p>Im Jahr 1981 wurde der Verein als &#8222;Schie\u00dfsportverein Borchen 1957 e.V.&#8220; ins Vereinsregister eingetragen und als gemeinn\u00fctzig anerkannt. In dieser Zeit hatten wir auch Dank eines grossen Mitgliederzuwachses einige sportliche Erfolge aufzuweisen. So wurden mehrere Meisterschaften in der Mannschafts- und Einzelwertung auf Kreis- und Bezirksebene errungen. Ein Jahr hat der SSV Borchen mit einer Luftgewehrmannschaft in der Landesklasse an Rundenwettk\u00e4mpfen teilgenommen.<\/p>\n<p>In den letzen zehn Jahren wurden einige n\u00f6tige Umbauarbeiten vorgenommen. Der Clubraum wurde komplett umgestaltet und mit einer neuen Theke inklusive Zapfanlage versehen. Die 13 Schie\u00dfbahnen im Keller wurden mit elektrischen Scheibenzuganlagen ausgestattet und alle R\u00e4ume bekamen geflieste B\u00f6den.<\/p>\n<p>Auch in den Reihen des Vorstandes hat sich einiges getan. So wurden in den letzten Jahren immer mehr Aufgaben und Vorstandsposten auf j\u00fcngere Mitglieder \u00fcbertragen, sodass inzwischen ein gutes Verh\u00e4ltnis zwischen Jung und Alt besteht.<\/p>\n<p>Um die Zukunft des Vereins zu sichern, sowie die schie\u00dfsportlichen Aktivit\u00e4ten in Kirchborchen zu b\u00fcndeln, wurde am 6. Mai 2016 die \u00c4nderung des Vereinsnamens in SSV St.Hubertus Kirchborchen e.V. beschlossen. Zugleich \u00fcbernehmen wir als eigenst\u00e4ndige Abteilung alle schie\u00dfsportlichen Aufgaben der Sch\u00fctzenbruderschaft Kirchborchen.<\/p>\n<p>Wir denken, hiermit den richtigen Weg in die Zukunft eingeschlagen zu haben.<\/p>\n","protected":false},"excerpt":{"rendered":"<p>Der Schie\u00dfsportverein Borchen wurde im April 1957 von 12 Mitgliedern in der Gastst\u00e4tte Montag in Kirchborchen (Kreis Paderborn) ins Leben gerufen. Der erste Vorstand setzte sich wie folgt zusammen: 1. Vorsitzende &#8211; Gustav Krois ; Kassierer &#8211; Heinrich Kasprzok ;&hellip; <\/p>\n","protected":false},"author":1,"featured_media":0,"parent":38,"menu_order":0,"comment_status":"closed","ping_status":"closed","template":"","meta":[],"_links":{"self":[{"href":"http:\/\/ssv.stonepit.de\/index.php?rest_route=\/wp\/v2\/pages\/44"}],"collection":[{"href":"http:\/\/ssv.stonepit.de\/index.php?rest_route=\/wp\/v2\/pages"}],"about":[{"href":"http:\/\/ssv.stonepit.de\/index.php?rest_route=\/wp\/v2\/types\/page"}],"author":[{"embeddable":true,"href":"http:\/\/ssv.stonepit.de\/index.php?rest_route=\/wp\/v2\/users\/1"}],"replies":[{"embeddable":true,"href":"http:\/\/ssv.stonepit.de\/index.php?rest_route=%2Fwp%2Fv2%2Fcomments&post=44"}],"version-history":[{"count":1,"href":"http:\/\/ssv.stonepit.de\/index.php?rest_route=\/wp\/v2\/pages\/44\/revisions"}],"predecessor-version":[{"id":45,"href":"http:\/\/ssv.stonepit.de\/index.php?rest_route=\/wp\/v2\/pages\/44\/revisions\/45"}],"up":[{"embeddable":true,"href":"http:\/\/ssv.stonepit.de\/index.php?rest_route=\/wp\/v2\/pages\/38"}],"wp:attachment":[{"href":"http:\/\/ssv.stonepit.de\/index.php?rest_route=%2Fwp%2Fv2%2Fmedia&parent=44"}],"curies":[{"name":"wp","href":"https:\/\/api.w.org\/{rel}","templated":true}]}}