{"id":42,"date":"2018-09-19T16:23:54","date_gmt":"2018-09-19T16:23:54","guid":{"rendered":"http:\/\/ssv.stonepit.de\/?page_id=42"},"modified":"2018-09-19T16:26:54","modified_gmt":"2018-09-19T16:26:54","slug":"beitritt","status":"publish","type":"page","link":"http:\/\/ssv.stonepit.de\/?page_id=42","title":{"rendered":"Beitritt"},"content":{"rendered":"<p>Bei uns kann jeder Mitglied werden!<br \/>\nF\u00fcr das Schiessen mit Luftdruckwaffen ben\u00f6tigen unter 14-j\u00e4hrige (f\u00fcr Kleinkaliberwaffen unter 16-j\u00e4hrige) allerdings eine Einverst\u00e4ndniserkl\u00e4rung der Erziehungsberechtigten. Kinder unter 12 Jahren d\u00fcrfen nur mit einer Genehmigung der Kreispolizeibeh\u00f6rde am Schiessen teilnehmen.<\/p>\n<p>Der aktuelle Jahresbeitrag beim SSV St. Hub. Kirchborchen e.V. betr\u00e4gt f\u00fcr Aktive Mitglieder 60,- Euro, f\u00fcr Kinder und Jugendliche 25,- Euro und f\u00fcr Passive Mitglieder 18,- Euro.<\/p>\n<p>Die ben\u00f6tigten Formulare gibt es hier als Download im PDF-Format:<\/p>\n<p><a title=\"Einverstaendniserklaerung\" href=\"https:\/\/ssvkirchborchen.files.wordpress.com\/2018\/09\/einverstaendniserklaerung.pdf\">Einverstaendniserklaerung<\/a><\/p>\n<p>&nbsp;<\/p>\n","protected":false},"excerpt":{"rendered":"<p>Bei uns kann jeder Mitglied werden! F\u00fcr das Schiessen mit Luftdruckwaffen ben\u00f6tigen unter 14-j\u00e4hrige (f\u00fcr Kleinkaliberwaffen unter 16-j\u00e4hrige) allerdings eine Einverst\u00e4ndniserkl\u00e4rung der Erziehungsberechtigten. Kinder unter 12 Jahren d\u00fcrfen nur mit einer Genehmigung der Kreispolizeibeh\u00f6rde am Schiessen teilnehmen. Der aktuelle Jahresbeitrag&hellip; <\/p>\n","protected":false},"author":1,"featured_media":0,"parent":38,"menu_order":0,"comment_status":"closed","ping_status":"closed","template":"","meta":[],"_links":{"self":[{"href":"http:\/\/ssv.stonepit.de\/index.php?rest_route=\/wp\/v2\/pages\/42"}],"collection":[{"href":"http:\/\/ssv.stonepit.de\/index.php?rest_route=\/wp\/v2\/pages"}],"about":[{"href":"http:\/\/ssv.stonepit.de\/index.php?rest_route=\/wp\/v2\/types\/page"}],"author":[{"embeddable":true,"href":"http:\/\/ssv.stonepit.de\/index.php?rest_route=\/wp\/v2\/users\/1"}],"replies":[{"embeddable":true,"href":"http:\/\/ssv.stonepit.de\/index.php?rest_route=%2Fwp%2Fv2%2Fcomments&post=42"}],"version-history":[{"count":1,"href":"http:\/\/ssv.stonepit.de\/index.php?rest_route=\/wp\/v2\/pages\/42\/revisions"}],"predecessor-version":[{"id":43,"href":"http:\/\/ssv.stonepit.de\/index.php?rest_route=\/wp\/v2\/pages\/42\/revisions\/43"}],"up":[{"embeddable":true,"href":"http:\/\/ssv.stonepit.de\/index.php?rest_route=\/wp\/v2\/pages\/38"}],"wp:attachment":[{"href":"http:\/\/ssv.stonepit.de\/index.php?rest_route=%2Fwp%2Fv2%2Fmedia&parent=42"}],"curies":[{"name":"wp","href":"https:\/\/api.w.org\/{rel}","templated":true}]}}