{"id":40,"date":"2018-09-19T16:25:53","date_gmt":"2018-09-19T16:25:53","guid":{"rendered":"http:\/\/ssv.stonepit.de\/?page_id=40"},"modified":"2018-09-19T16:27:25","modified_gmt":"2018-09-19T16:27:25","slug":"vorstand","status":"publish","type":"page","link":"http:\/\/ssv.stonepit.de\/?page_id=40","title":{"rendered":"Vorstand"},"content":{"rendered":"<p>Der aktuelle Vorstand wurde am 12.02.2016 durch die Mitgliederversammlung f\u00fcr drei weitere Jahre best\u00e4tigt.<\/p>\n<p>Der gesch\u00e4ftsf\u00fchrende Vorstand setzt sich wie folgt zusammen:<\/p>\n<p>Vorsitzender:\u00a0 \u00a0 \u00a0Markus Steinkuhle<br \/>\nstellv. Vorsitzender:\u00a0 \u00a0 \u00a0Klaus Schnellmann<br \/>\nSchriftf\u00fchrer:\u00a0 \u00a0 \u00a0Tobias Roggel<br \/>\nKassierer:\u00a0 \u00a0 \u00a0Frank Klute<\/p>\n<p><b><u>Vereinsanschrift:<br \/>\n<\/u><\/b>SSV St.Hubertus Kirchborchen e.V.<br \/>\n<b><u><\/u><\/b>Alfener Kirchweg 25<br \/>\n33178 Borchen<br \/>\nMail: home(at)ssvborchen.de<\/p>\n<p>Eingetragen ins Vereinsregister Paderborn am 10.04.1981 unter Nr. 1013<\/p>\n<p>Mitglied im Westf\u00e4lischen Sch\u00fctzenbund \/ Vereinsnummer: 7103<\/p>\n<p>Haftungshinweis:<br \/>\nTrotz sorgf\u00e4ltiger inhaltlicher Kontrolle \u00fcbernehmen wir, der SSV St.Hub. Kirchborchen\u00a0 e.V., keine Haftung f\u00fcr die Inhalte externer Links. F\u00fcr den Inhalt der verlinkten Seiten sind ausschlie\u00dflich deren Betreiber verantwortlich.<\/p>\n","protected":false},"excerpt":{"rendered":"<p>Der aktuelle Vorstand wurde am 12.02.2016 durch die Mitgliederversammlung f\u00fcr drei weitere Jahre best\u00e4tigt. Der gesch\u00e4ftsf\u00fchrende Vorstand setzt sich wie folgt zusammen: Vorsitzender:\u00a0 \u00a0 \u00a0Markus Steinkuhle stellv. Vorsitzender:\u00a0 \u00a0 \u00a0Klaus Schnellmann Schriftf\u00fchrer:\u00a0 \u00a0 \u00a0Tobias Roggel Kassierer:\u00a0 \u00a0 \u00a0Frank Klute Vereinsanschrift:&hellip; <\/p>\n","protected":false},"author":1,"featured_media":0,"parent":38,"menu_order":0,"comment_status":"closed","ping_status":"closed","template":"","meta":[],"_links":{"self":[{"href":"http:\/\/ssv.stonepit.de\/index.php?rest_route=\/wp\/v2\/pages\/40"}],"collection":[{"href":"http:\/\/ssv.stonepit.de\/index.php?rest_route=\/wp\/v2\/pages"}],"about":[{"href":"http:\/\/ssv.stonepit.de\/index.php?rest_route=\/wp\/v2\/types\/page"}],"author":[{"embeddable":true,"href":"http:\/\/ssv.stonepit.de\/index.php?rest_route=\/wp\/v2\/users\/1"}],"replies":[{"embeddable":true,"href":"http:\/\/ssv.stonepit.de\/index.php?rest_route=%2Fwp%2Fv2%2Fcomments&post=40"}],"version-history":[{"count":1,"href":"http:\/\/ssv.stonepit.de\/index.php?rest_route=\/wp\/v2\/pages\/40\/revisions"}],"predecessor-version":[{"id":41,"href":"http:\/\/ssv.stonepit.de\/index.php?rest_route=\/wp\/v2\/pages\/40\/revisions\/41"}],"up":[{"embeddable":true,"href":"http:\/\/ssv.stonepit.de\/index.php?rest_route=\/wp\/v2\/pages\/38"}],"wp:attachment":[{"href":"http:\/\/ssv.stonepit.de\/index.php?rest_route=%2Fwp%2Fv2%2Fmedia&parent=40"}],"curies":[{"name":"wp","href":"https:\/\/api.w.org\/{rel}","templated":true}]}}