{"id":38,"date":"2018-09-19T16:25:45","date_gmt":"2018-09-19T16:25:45","guid":{"rendered":"http:\/\/ssv.stonepit.de\/?page_id=38"},"modified":"2018-09-19T16:25:45","modified_gmt":"2018-09-19T16:25:45","slug":"verein","status":"publish","type":"page","link":"http:\/\/ssv.stonepit.de\/?page_id=38","title":{"rendered":"Verein"},"content":{"rendered":"<p>Auf dieser Homepage m\u00f6chte sich der SSV St. Hubertus Kirchborchen e.V. allen interessierten Sportsch\u00fctzen, und solchen die es werden wollen, vorstellen. Wir haben zur Zeit etwa 30 aktive Mitglieder, von denen etwa 20 Sch\u00fctzen an Rundenwettk\u00e4mpfen und Meisterschaften auf Kreis- und Bezirksebene teilnehmen.<\/p>\n<p>Wie aus dem Vereinsnamen zu ersehen ist, k\u00f6nnen wir inzwischen schon auf eine 50-j\u00e4hrige Vereinsgeschichte zur\u00fcckblicken. Wenn ihr mehr dar\u00fcber erfahren wollt schaut doch unter &#8222;Geschichte&#8220; vorbei.<\/p>\n<p>Unter dem Link\u00a0Vorstand\u00a0sind alle Mitglieder unseres aktuellen Vorstands mit Telefon Nr. verzeichnet. Wer einem Vorstandsmitglied eine E-Mail schreiben will, kann gerne auch die Vereins-Emailadresse verwenden. Nat\u00fcrlich gibt es auch noch den guten alten Postweg &#8211;\u00a0 die Vereinsadresse hierf\u00fcr ist ebenfalls aufgef\u00fchrt.<\/p>\n<p>Unser Schie\u00dfstand befindet sich in der Gemeindehalle in Kirchborchen. Zur besseren Orientierung gibt es nat\u00fcrlich auch eine\u00a0Anfahrtsskizze.<\/p>\n","protected":false},"excerpt":{"rendered":"<p>Auf dieser Homepage m\u00f6chte sich der SSV St. Hubertus Kirchborchen e.V. allen interessierten Sportsch\u00fctzen, und solchen die es werden wollen, vorstellen. Wir haben zur Zeit etwa 30 aktive Mitglieder, von denen etwa 20 Sch\u00fctzen an Rundenwettk\u00e4mpfen und Meisterschaften auf Kreis-&hellip; <\/p>\n","protected":false},"author":1,"featured_media":0,"parent":0,"menu_order":0,"comment_status":"closed","ping_status":"closed","template":"","meta":[],"_links":{"self":[{"href":"http:\/\/ssv.stonepit.de\/index.php?rest_route=\/wp\/v2\/pages\/38"}],"collection":[{"href":"http:\/\/ssv.stonepit.de\/index.php?rest_route=\/wp\/v2\/pages"}],"about":[{"href":"http:\/\/ssv.stonepit.de\/index.php?rest_route=\/wp\/v2\/types\/page"}],"author":[{"embeddable":true,"href":"http:\/\/ssv.stonepit.de\/index.php?rest_route=\/wp\/v2\/users\/1"}],"replies":[{"embeddable":true,"href":"http:\/\/ssv.stonepit.de\/index.php?rest_route=%2Fwp%2Fv2%2Fcomments&post=38"}],"version-history":[{"count":1,"href":"http:\/\/ssv.stonepit.de\/index.php?rest_route=\/wp\/v2\/pages\/38\/revisions"}],"predecessor-version":[{"id":39,"href":"http:\/\/ssv.stonepit.de\/index.php?rest_route=\/wp\/v2\/pages\/38\/revisions\/39"}],"wp:attachment":[{"href":"http:\/\/ssv.stonepit.de\/index.php?rest_route=%2Fwp%2Fv2%2Fmedia&parent=38"}],"curies":[{"name":"wp","href":"https:\/\/api.w.org\/{rel}","templated":true}]}}