{"id":34,"date":"2018-09-19T16:25:19","date_gmt":"2018-09-19T16:25:19","guid":{"rendered":"http:\/\/ssv.stonepit.de\/?page_id=34"},"modified":"2018-09-19T16:27:11","modified_gmt":"2018-09-19T16:27:11","slug":"regeln","status":"publish","type":"page","link":"http:\/\/ssv.stonepit.de\/?page_id=34","title":{"rendered":"Regeln"},"content":{"rendered":"<p>Der SSV St.Hubertus Kirchborchen e.V. nimmt an den Meisterschaften, Rundenwettk\u00e4mpfen und dem Ligasystem nach den Regeln des Deutschen Sch\u00fctzenbundes teil. Um einen kleinen Einblick in die Regelkunde zu erhalten, sind die oben genannte Wettbewerbe hier einmal kurz erkl\u00e4rt.<\/p>\n<p>Bei der\u00a0<b>Meisterschaft<\/b>\u00a0qualifiziert man sich, ausgehend von der Vereinsmeisterschaft, f\u00fcr die jeweils n\u00e4chst h\u00f6here Meisterschaft. (Kreis &gt; Bezirk &gt; Land &gt; Deutsche Meisterschaft). Geschossen wird bei jeder Meisterschaft nur ein Wertungsdurchgang von 40 Schuss. Abweichend hierzu schie\u00dfen die Sch\u00fcler 20 Schuss und die Senioren aufgelegt 30 Schuss.<\/p>\n<p>Bei den\u00a0<b>Rundenwettk\u00e4mpfen<\/b>\u00a0werden pro Saison 6 Wettk\u00e4mpfe geschossen. Es findet zwar jeder Wettkampf gegen eine zweite Mannschaft statt, Punkte gibt es f\u00fcr den Sieger allerdings nicht. Meister ist vielmehr die Mannschaft, die am Ende der Saison die meisten Ringe erzielt hat. Ein Auf- bzw. Abstieg zwischen der Kreis- und Bezirksklasse ist m\u00f6glich.<\/p>\n<p>Um die Wettk\u00e4mpfe auch f\u00fcr Zuschauer interessant zu machen wurde vor einigen Jahren das <strong>Ligasystem<\/strong> eingef\u00fchrt. In diesem System tritt jeder der 5 Sch\u00fctzen (Kreisliga 3 Sch\u00fctzen) gegen einen direkten Gegner an. Derjenige der nach 40 Schuss die meisten Ringe erzielt hat bekommt einen Einzelpunkt. Bei Ringgleichheit muss ein Stechen entscheiden, sodass nach Abschuss des Wettkampfes eine der beiden Mannschaften 5:0, 4:1 oder 3:2 Einzelpunkte erreicht hat. Diese bekommt somit den Mannschaftspunkt.<br \/>\nMeister ist die Mannschaft welche am Ende der Saison die meisten Punkte erreicht hat. Auch hierbei gilt es nat\u00fcrlich den Aufstieg in die n\u00e4chsth\u00f6here Liga zu erreichen. Anders als bei den Rundenwettk\u00e4mpfen geht es bei dem Ligasystem \u00fcber die Kreis- Bezirks- und Landesliga (Westfalenliga) bis hin zur Bundesliga.<\/p>\n","protected":false},"excerpt":{"rendered":"<p>Der SSV St.Hubertus Kirchborchen e.V. nimmt an den Meisterschaften, Rundenwettk\u00e4mpfen und dem Ligasystem nach den Regeln des Deutschen Sch\u00fctzenbundes teil. Um einen kleinen Einblick in die Regelkunde zu erhalten, sind die oben genannte Wettbewerbe hier einmal kurz erkl\u00e4rt. Bei der\u00a0Meisterschaft\u00a0qualifiziert&hellip; <\/p>\n","protected":false},"author":1,"featured_media":0,"parent":36,"menu_order":0,"comment_status":"closed","ping_status":"closed","template":"","meta":[],"_links":{"self":[{"href":"http:\/\/ssv.stonepit.de\/index.php?rest_route=\/wp\/v2\/pages\/34"}],"collection":[{"href":"http:\/\/ssv.stonepit.de\/index.php?rest_route=\/wp\/v2\/pages"}],"about":[{"href":"http:\/\/ssv.stonepit.de\/index.php?rest_route=\/wp\/v2\/types\/page"}],"author":[{"embeddable":true,"href":"http:\/\/ssv.stonepit.de\/index.php?rest_route=\/wp\/v2\/users\/1"}],"replies":[{"embeddable":true,"href":"http:\/\/ssv.stonepit.de\/index.php?rest_route=%2Fwp%2Fv2%2Fcomments&post=34"}],"version-history":[{"count":1,"href":"http:\/\/ssv.stonepit.de\/index.php?rest_route=\/wp\/v2\/pages\/34\/revisions"}],"predecessor-version":[{"id":35,"href":"http:\/\/ssv.stonepit.de\/index.php?rest_route=\/wp\/v2\/pages\/34\/revisions\/35"}],"up":[{"embeddable":true,"href":"http:\/\/ssv.stonepit.de\/index.php?rest_route=\/wp\/v2\/pages\/36"}],"wp:attachment":[{"href":"http:\/\/ssv.stonepit.de\/index.php?rest_route=%2Fwp%2Fv2%2Fmedia&parent=34"}],"curies":[{"name":"wp","href":"https:\/\/api.w.org\/{rel}","templated":true}]}}