{"id":32,"date":"2018-09-19T16:20:53","date_gmt":"2018-09-19T16:20:53","guid":{"rendered":"http:\/\/ssv.stonepit.de\/?page_id=32"},"modified":"2018-09-19T16:26:45","modified_gmt":"2018-09-19T16:26:45","slug":"anschlagarten","status":"publish","type":"page","link":"http:\/\/ssv.stonepit.de\/?page_id=32","title":{"rendered":"Anschlagarten"},"content":{"rendered":"<p>Im Folgenden sind einmal die verschiedenen, in unserem Verein geschossenen Waffenarten aufgef\u00fchrt.<\/p>\n<p><b><i><u>Luftgewehr 10 m<\/u><\/i><\/b><\/p>\n<p><b>Waffe:\u00a0<\/b>Luftdruckgewehre und CO2-Gewehre, Kaliber 4,5 mm und einem H\u00f6chstgewicht von 5,5 kg.<br \/>\n<b>Munition:\u00a0<\/b>Handels\u00fcbliche Geschosse (Diabolo) im Kaliber von 4,5 mm.<br \/>\n<b>Scheiben:\u00a0<\/b>Durchmesser der 10 = 0,5 mm, Ringabstand = jeweils 2,5 mm.<br \/>\n<b>Entfernung: \u00a0<\/b>10 m.<br \/>\n<b>Anschlag:\u00a0<\/b>Nur stehend freih\u00e4ndig, wobei der Sch\u00fctze v\u00f6llig frei (ohne Anlehnung und k\u00fcnstliche St\u00fctzen) stehen muss.<\/p>\n<p><b><i><u>Luftpistole 10 m<\/u><\/i><\/b><\/p>\n<p><b>Waffe:\u00a0<\/b>Luft- und CO2-Pistolen jeder Art, Kaliber 4,5 mm und einem H\u00f6chstgewicht von 1,5 kg inkl. Laufbeschwerung. Die \u00e4usseren Masse d\u00fcrfen 200 mm H\u00f6he, 420 mm L\u00e4nge und 50 mm Breite nicht \u00fcberschreiten. Abzugsgewicht mindestens 500 g. Mehrlader d\u00fcrfen nur als Einzellader verwendet werden.<br \/>\n<b>Munition:\u00a0<\/b>Handels\u00fcbliche Geschosse beliebiger Form im Kaliber von 4,5 mm.<br \/>\n<b>Scheiben:\u00a0<\/b>Durchmesser der 10 = 11,5 mm, der Ringe 1 bis 9 = je 8 mm.<br \/>\n<b>Entfernung:\u00a0<\/b>10 m.<br \/>\n<b>Anschlag:\u00a0<\/b>Stehend freih\u00e4ndig.<\/p>\n<p><b><i><u>Luftgewehr 10 m aufgelegt<\/u><\/i><\/b><\/p>\n<p><b>Waffe \/ Munition \/ Scheiben \/ Entfernung:\u00a0<\/b>siehe Luftgewehr 10 m<br \/>\n<b>Anschlag:\u00a0<\/b>stehend aufgelegt. Kein K\u00f6rperteil darf die Auflage ber\u00fchren. Das Gewehr darf nur aufgelegt, aber nicht seitlich angelegt werden.<br \/>\n<b>Programme:\u00a0<\/b>30 Schuss in 55 Minute inkl. Probesch\u00fcsse (siehe Regel 1.11-60 SpO). Nur f\u00fcr Senioren ab 51 Jahren bzw. Alterssch\u00fctzen ab 47 Jahren. Diese Wettbewerbe sind nur Vergleichsschiessen und keine offiziellen Wettbewerbe.<\/p>\n<p><b><i><u>Kleinkaliber 50 m aufgelegt<\/u><\/i><\/b><\/p>\n<p><b>Waffe:\u00a0<\/b>Kleinkalibergewehre (Einzellader) jeder Art mit einem Kaliber von maximal 5,6 mm (.22 lfb) und einem H\u00f6chstgewicht von 6,5 kg. Abzug und Sch\u00e4ftung beliebig. Laufbeschwerung (innerhalb des zul\u00e4ssigen Gesamtgewichtes), Daumenauflage und verstellbare Kolbenkappe sind gestattet.<br \/>\n<b>Munition:\u00a0<\/b>Handels\u00fcbliche Randfeuerpatronen im Kaliber 5,6 mm (.22 lfb).<br \/>\n<b>Scheiben:\u00a0<\/b>Durchmesser der 10 = 10,4 mm, Ringabstand = jeweils 8,0 mm.<br \/>\n<b>Entfernung:\u00a0<\/b>50 m.<br \/>\n<b>Anschlag:\u00a0<\/b>stehend aufgelegt. Kein K\u00f6rperteil darf die Auflage ber\u00fchren. Das Gewehr darf nur aufgelegt, aber nicht seitlich angelegt werden.<br \/>\n<b>Programme:\u00a0<\/b>30 Schuss in 55 Minute inkl. Probesch\u00fcsse (siehe Regel 1.41-60 SpO). Nur f\u00fcr Senioren ab 51 Jahren bzw. Alterssch\u00fctzen ab 47 Jahren. Diese Wettbewerbe sind nur Vergleichsschiessen und keine offiziellen Wettbewerbe.<\/p>\n","protected":false},"excerpt":{"rendered":"<p>Im Folgenden sind einmal die verschiedenen, in unserem Verein geschossenen Waffenarten aufgef\u00fchrt. Luftgewehr 10 m Waffe:\u00a0Luftdruckgewehre und CO2-Gewehre, Kaliber 4,5 mm und einem H\u00f6chstgewicht von 5,5 kg. Munition:\u00a0Handels\u00fcbliche Geschosse (Diabolo) im Kaliber von 4,5 mm. Scheiben:\u00a0Durchmesser der 10 = 0,5&hellip; <\/p>\n","protected":false},"author":1,"featured_media":0,"parent":36,"menu_order":0,"comment_status":"closed","ping_status":"closed","template":"","meta":[],"_links":{"self":[{"href":"http:\/\/ssv.stonepit.de\/index.php?rest_route=\/wp\/v2\/pages\/32"}],"collection":[{"href":"http:\/\/ssv.stonepit.de\/index.php?rest_route=\/wp\/v2\/pages"}],"about":[{"href":"http:\/\/ssv.stonepit.de\/index.php?rest_route=\/wp\/v2\/types\/page"}],"author":[{"embeddable":true,"href":"http:\/\/ssv.stonepit.de\/index.php?rest_route=\/wp\/v2\/users\/1"}],"replies":[{"embeddable":true,"href":"http:\/\/ssv.stonepit.de\/index.php?rest_route=%2Fwp%2Fv2%2Fcomments&post=32"}],"version-history":[{"count":1,"href":"http:\/\/ssv.stonepit.de\/index.php?rest_route=\/wp\/v2\/pages\/32\/revisions"}],"predecessor-version":[{"id":33,"href":"http:\/\/ssv.stonepit.de\/index.php?rest_route=\/wp\/v2\/pages\/32\/revisions\/33"}],"up":[{"embeddable":true,"href":"http:\/\/ssv.stonepit.de\/index.php?rest_route=\/wp\/v2\/pages\/36"}],"wp:attachment":[{"href":"http:\/\/ssv.stonepit.de\/index.php?rest_route=%2Fwp%2Fv2%2Fmedia&parent=32"}],"curies":[{"name":"wp","href":"https:\/\/api.w.org\/{rel}","templated":true}]}}