{"id":30,"date":"2018-09-19T16:26:01","date_gmt":"2018-09-19T16:26:01","guid":{"rendered":"http:\/\/ssv.stonepit.de\/?page_id=30"},"modified":"2018-09-19T16:27:32","modified_gmt":"2018-09-19T16:27:32","slug":"waffen","status":"publish","type":"page","link":"http:\/\/ssv.stonepit.de\/?page_id=30","title":{"rendered":"Waffen"},"content":{"rendered":"<p>Bei unseren Sportger\u00e4ten hat sich im Laufe der Zeit einiges getan. Die \u00c4lteren unter uns kennen sicherlich noch die\u00a0<b>Knicklaufgewehre<\/b>. Bei dieser Technik wird durch Knicken des Laufes eine Feder gespannt. Diese dr\u00fcckt beim Ausl\u00f6sen des Abzugs mittels eines Kolbens die Luft und damit das Geschoss durch den Lauf.<br \/>\nIn den Siebziger Jahren kamen mehr und mehr die\u00a0<b>Seitenspanner<\/b>\u00a0zum Einsatz. Hierbei wird die Feder nicht durch Knicken des Laufes, sondern durch eine seitlichen Hebel gespannt. Die Funktionsweise ist aber in etwa gleich.<br \/>\nErst in den Achtziger Jahren kam eine neue Technik auf den Markt. Bei den\u00a0<b>Druckluftgewehren\u00a0<\/b>wird durch Spannen des Hebels Luft in einem kleinen Zylinder komprimiert. Beim Ausl\u00f6sen wird nur noch eine kleine \u00d6ffnung freigegeben und die Luft dr\u00fcckt das Geschoss durch den Lauf. Der grosse Vorteil liegt darin, dass sich nur noch wenige Teile nach dem Ausl\u00f6sen bewegen und somit die Schussabgabe bedeutend ruhiger ist.<br \/>\nHeute kommen fast ausschliesslich\u00a0<b>Pressluftgewehre\u00a0<\/b>zum Einsatz. Im Unterschied zu den Druckluftgewehren wird nicht jeder Schuss neu gespannt, sondern es werden Kartuschen eingeschraubt, die mit bis zu 300bar Pressluft gef\u00fcllt sind. Somit braucht der Sch\u00fctze beim Laden der Waffe keine grossen Bewegungen zu machen und kann in seinem Stand verharren. Zum Laden wird nur noch eine kleine \u00d6ffnung freigegeben, in die das Diabolo gelegt wird.<\/p>\n<p><img loading=\"lazy\" class=\" size-full wp-image-95 aligncenter\" src=\"https:\/\/ssvkirchborchen.files.wordpress.com\/2018\/09\/fwb_800_tr.gif\" alt=\"FWB_800_tr\" width=\"349\" height=\"160\" \/><\/p>\n<p>Bei den Sch\u00e4ften hat sich nat\u00fcrlich auch einiges getan. Waren bis vor etwa 10 Jahren noch alle Sch\u00e4fte aus Holz &#8211; anfangs Wurzelholz sp\u00e4ter Schichtholz &#8211; so wird heute mehr und mehr Aluminium eingesetzt. Hierbei kann der Schaft durch die vielen Verstellm\u00f6glichkeiten viel besser an den Sch\u00fctzen angepasst werden.<br \/>\nPreislich muss man f\u00fcr diese Gewehre aber schon recht tief in die Tasche greifen. Das oben abgebildete Feinwerkbau 800 Gewehr zum Beispiel liegt bei etwa 2400,- Euro.<\/p>\n<p>Die meisten unserer aktiven Sch\u00fctzen haben sich im Laufe der Zeit eigene Luftgewehre bzw. -Pistolen angeschafft.<br \/>\nEs stehen aber auch Vereinswaffen zur Verf\u00fcgung. F\u00fcr unsere Jugend haben wir vor rund 2 Jahren ein neues Ansch\u00fctz 8001 Gewehr angeschafft. Dieses ist durch sein geringes Grundgewicht ideal f\u00fcr j\u00fcngere Sch\u00fctzen.<br \/>\nDa wir mit mit der Marke Feinwerkbau bisher immer gute Erfahrungen gemacht haben ist auch ein Gro\u00dfteil der Waffen aus diesem Hause.<\/p>\n<p style=\"text-align: center;\"><img loading=\"lazy\" class=\"alignnone size-full wp-image-96\" src=\"https:\/\/ssvkirchborchen.files.wordpress.com\/2018\/09\/fwb_p34blau_tr.gif\" alt=\"FWB_P34blau_tr\" width=\"200\" height=\"75\" \/><\/p>\n","protected":false},"excerpt":{"rendered":"<p>Bei unseren Sportger\u00e4ten hat sich im Laufe der Zeit einiges getan. Die \u00c4lteren unter uns kennen sicherlich noch die\u00a0Knicklaufgewehre. Bei dieser Technik wird durch Knicken des Laufes eine Feder gespannt. Diese dr\u00fcckt beim Ausl\u00f6sen des Abzugs mittels eines Kolbens die&hellip; <\/p>\n","protected":false},"author":1,"featured_media":0,"parent":36,"menu_order":0,"comment_status":"closed","ping_status":"closed","template":"","meta":[],"_links":{"self":[{"href":"http:\/\/ssv.stonepit.de\/index.php?rest_route=\/wp\/v2\/pages\/30"}],"collection":[{"href":"http:\/\/ssv.stonepit.de\/index.php?rest_route=\/wp\/v2\/pages"}],"about":[{"href":"http:\/\/ssv.stonepit.de\/index.php?rest_route=\/wp\/v2\/types\/page"}],"author":[{"embeddable":true,"href":"http:\/\/ssv.stonepit.de\/index.php?rest_route=\/wp\/v2\/users\/1"}],"replies":[{"embeddable":true,"href":"http:\/\/ssv.stonepit.de\/index.php?rest_route=%2Fwp%2Fv2%2Fcomments&post=30"}],"version-history":[{"count":1,"href":"http:\/\/ssv.stonepit.de\/index.php?rest_route=\/wp\/v2\/pages\/30\/revisions"}],"predecessor-version":[{"id":31,"href":"http:\/\/ssv.stonepit.de\/index.php?rest_route=\/wp\/v2\/pages\/30\/revisions\/31"}],"up":[{"embeddable":true,"href":"http:\/\/ssv.stonepit.de\/index.php?rest_route=\/wp\/v2\/pages\/36"}],"wp:attachment":[{"href":"http:\/\/ssv.stonepit.de\/index.php?rest_route=%2Fwp%2Fv2%2Fmedia&parent=30"}],"curies":[{"name":"wp","href":"https:\/\/api.w.org\/{rel}","templated":true}]}}