{"id":25,"date":"2018-09-19T15:45:56","date_gmt":"2018-09-19T15:45:56","guid":{"rendered":"http:\/\/ssv.stonepit.de\/?page_id=25"},"modified":"2018-10-03T17:59:06","modified_gmt":"2018-10-03T17:59:06","slug":"test","status":"publish","type":"page","link":"http:\/\/ssv.stonepit.de\/?page_id=25","title":{"rendered":"Aktuelles"},"content":{"rendered":"<p>Aufgrund einer Sicherheitsl\u00fccke m\u00fcssen wir unseren Internetauftritt leider neu aufbauen.<\/p>\n<p>Diese Seite wird daher in den n\u00e4chsten komplett neu gestaltet. Wir bitten daher noch um ein wenig Geduld!<\/p>\n<p>&nbsp;<\/p>\n","protected":false},"excerpt":{"rendered":"<p>Aufgrund einer Sicherheitsl\u00fccke m\u00fcssen wir unseren Internetauftritt leider neu aufbauen. Diese Seite wird daher in den n\u00e4chsten komplett neu gestaltet. Wir bitten daher noch um ein wenig Geduld! &nbsp;<\/p>\n","protected":false},"author":1,"featured_media":0,"parent":0,"menu_order":0,"comment_status":"closed","ping_status":"closed","template":"","meta":[],"_links":{"self":[{"href":"http:\/\/ssv.stonepit.de\/index.php?rest_route=\/wp\/v2\/pages\/25"}],"collection":[{"href":"http:\/\/ssv.stonepit.de\/index.php?rest_route=\/wp\/v2\/pages"}],"about":[{"href":"http:\/\/ssv.stonepit.de\/index.php?rest_route=\/wp\/v2\/types\/page"}],"author":[{"embeddable":true,"href":"http:\/\/ssv.stonepit.de\/index.php?rest_route=\/wp\/v2\/users\/1"}],"replies":[{"embeddable":true,"href":"http:\/\/ssv.stonepit.de\/index.php?rest_route=%2Fwp%2Fv2%2Fcomments&post=25"}],"version-history":[{"count":2,"href":"http:\/\/ssv.stonepit.de\/index.php?rest_route=\/wp\/v2\/pages\/25\/revisions"}],"predecessor-version":[{"id":83,"href":"http:\/\/ssv.stonepit.de\/index.php?rest_route=\/wp\/v2\/pages\/25\/revisions\/83"}],"wp:attachment":[{"href":"http:\/\/ssv.stonepit.de\/index.php?rest_route=%2Fwp%2Fv2%2Fmedia&parent=25"}],"curies":[{"name":"wp","href":"https:\/\/api.w.org\/{rel}","templated":true}]}}